{"id":1582,"date":"2020-06-14T16:55:03","date_gmt":"2020-06-14T13:55:03","guid":{"rendered":"http:\/\/rai-med.com\/doctors\/"},"modified":"2023-06-05T12:30:26","modified_gmt":"2023-06-05T09:30:26","slug":"%d7%a8%d7%95%d7%a4%d7%90%d7%99%d7%9d","status":"publish","type":"page","link":"http:\/\/rai-med.com\/he\/%d7%a8%d7%95%d7%a4%d7%90%d7%99%d7%9d\/","title":{"rendered":"\u05e8\u05d5\u05e4\u05d0\u05d9\u05dd"},"content":{"rendered":"\t\t<div data-elementor-type=\"wp-page\" data-elementor-id=\"1582\" class=\"elementor elementor-1582 elementor-454\">\n\t\t\t\t\t\t\t\t\t<section class=\"elementor-section elementor-top-section elementor-element elementor-element-3509e0b elementor-section-boxed elementor-section-height-default elementor-section-height-default\" data-id=\"3509e0b\" data-element_type=\"section\" data-settings=\"{&quot;background_background&quot;:&quot;classic&quot;}\">\n\t\t\t\t\t\t<div class=\"elementor-container elementor-column-gap-no\">\n\t\t\t\t\t<div class=\"elementor-column elementor-col-100 elementor-top-column elementor-element elementor-element-a941229\" data-id=\"a941229\" data-element_type=\"column\">\n\t\t\t<div class=\"elementor-widget-wrap elementor-element-populated\">\n\t\t\t\t\t\t\t\t<div class=\"elementor-element elementor-element-60ea77f elementor-widget elementor-widget-bdevs-heading bdevselement bdevs-heading\" data-id=\"60ea77f\" data-element_type=\"widget\" data-settings=\"{&quot;design_style&quot;:&quot;style_1&quot;}\" data-widget_type=\"bdevs-heading.default\">\n\t\t\t\t<div class=\"elementor-widget-container\">\n\t\t\t\r\n                <div class=\"section-heading\">\r\n                        \r\n\r\n            <h2 class=\"section-title shape\">\u05de\u05d5\u05de\u05d7\u05d9\u05dd<\/h2>            \r\n                            <p>\u05d4\u05e6\u05d5\u05d5\u05ea \u05d4\u05e8\u05e4\u05d5\u05d0\u05d9 \u05d4\u05de\u05e0\u05d5\u05e1\u05d4 \u05e9\u05dc\u05e0\u05d5 \u05d5\u05d8\u05db\u05e0\u05d5\u05dc\u05d5\u05d2\u05d9\u05d5\u05ea \u05d4\u05d1\u05e8\u05d9\u05d0\u05d5\u05ea \u05d4\u05de\u05ea\u05e7\u05d3\u05de\u05d5\u05ea \u05e0\u05e4\u05d2\u05e9\u05d5 \u05e2\u05d1\u05d5\u05e8\u05db\u05dd<\/p>\r\n                    <\/div>\r\n        \r\n        \t\t<\/div>\n\t\t\t\t<\/div>\n\t\t\t\t\t<\/div>\n\t\t<\/div>\n\t\t\t\t\t\t\t<\/div>\n\t\t<\/section>\n\t\t\t\t<section class=\"elementor-section elementor-top-section elementor-element elementor-element-3dc5957 elementor-section-boxed elementor-section-height-default elementor-section-height-default\" data-id=\"3dc5957\" data-element_type=\"section\" data-settings=\"{&quot;background_background&quot;:&quot;classic&quot;}\">\n\t\t\t\t\t\t<div class=\"elementor-container elementor-column-gap-no\">\n\t\t\t\t\t<div class=\"elementor-column elementor-col-50 elementor-top-column elementor-element elementor-element-4e608a9\" data-id=\"4e608a9\" data-element_type=\"column\">\n\t\t\t<div class=\"elementor-widget-wrap elementor-element-populated\">\n\t\t\t\t\t\t\t\t<div class=\"elementor-element elementor-element-44927c6 elementor-widget elementor-widget-bdevs-member bdevselement bdevs-member\" data-id=\"44927c6\" data-element_type=\"widget\" data-widget_type=\"bdevs-member.default\">\n\t\t\t\t<div class=\"elementor-widget-container\">\n\t\t\t\r\n        <div class=\"single-expert-box\">\r\n            <div class=\"expert-box-left\">\r\n                <div class=\"thumb\">\r\n                                        <figure>\r\n                        <img loading=\"lazy\" decoding=\"async\" width=\"500\" height=\"500\" src=\"http:\/\/rai-med.com\/wp-content\/uploads\/2023\/06\/Altan-Yildiz.png\" class=\"elementor-animation-disable-animation attachment-full size-full wp-image-1017\" alt=\"\" srcset=\"http:\/\/rai-med.com\/wp-content\/uploads\/2023\/06\/Altan-Yildiz.png 500w, http:\/\/rai-med.com\/wp-content\/uploads\/2023\/06\/Altan-Yildiz-300x300.png 300w, http:\/\/rai-med.com\/wp-content\/uploads\/2023\/06\/Altan-Yildiz-150x150.png 150w\" sizes=\"auto, (max-width: 500px) 100vw, 500px\" \/>                    <\/figure>\r\n                                        \r\n                                    <\/div>\r\n                <div class=\"content\">\r\n                    <h5 class=\"name\">Prof. Dr Altan Y\u0131ld\u0131z<\/h5>                                        <span class=\"designation\"><br><\/span>\r\n                                                        <\/div>\r\n            <\/div>\r\n            <div class=\"expert-box-right\">\r\n                <div class=\"content\">\r\n                                            <p class=\"bdevs-member-bio\">\r\n                        \u05d4\u05e9\u05db\u05dc\u05d4 \u05d5\u05de\u05d5\u05de\u05d7\u05d9\u05d5\u05ea:<br>\n\n\u05d4\u05e4\u05e7\u05d5\u05dc\u05d8\u05d4 \u05dc\u05e8\u05e4\u05d5\u05d0\u05d4 \u05e9\u05dc \u05d0\u05d5\u05e0\u05d9\u05d1\u05e8\u05e1\u05d9\u05d8\u05ea \u05d0\u05e0\u05e7\u05e8\u05d4 - \u05d4\u05e9\u05db\u05dc\u05d4 \u05e8\u05e4\u05d5\u05d0\u05d9\u05ea\n<br>\u05d4\u05e4\u05e7\u05d5\u05dc\u05d8\u05d4 \u05dc\u05e8\u05e4\u05d5\u05d0\u05d4 \u05d1\u05d0\u05d5\u05e0\u05d9\u05d1\u05e8\u05e1\u05d9\u05d8\u05ea \u00c7ukurova \u2013 \u05d4\u05db\u05e9\u05e8\u05d4 \u05dc\u05d4\u05ea\u05de\u05d7\u05d5\u05ea                        <\/p>\r\n                                        <div class=\"expert-box-buttons\">\r\n                        <a class=\"site-btn white\" href=\"http:\/\/rai-med.com\/he\/%d7%a4%d7%a8%d7%95%d7%a4-%d7%93%d7%a8-%d7%90%d7%9c%d7%98%d7%9f-%d7%99%d7%9c%d7%93%d7%99%d7%96\/\"><span class=\"bdevs-btn-text\">\u05e2\u05dc \u05d0\u05d5\u05d3\u05d5\u05ea<\/span><\/a>\r\n                                                <div class=\"bdevs-member-links\">\r\n                            <a target=\"_blank\" rel=\"noopener\" data-tooltip=\"hello\" href=\"http:\/\/rai-med.com\/he\/%d7%90%d7%99%d7%a9-%d7%a7%d7%a9%d7%a8\/\" class=\"elementor-repeater-item-cbe11c3 comments-btn\"><i class=\"fal fa-comments\" aria-hidden=\"true\"><\/i><\/a>                        <\/div>\r\n                                        <\/div>\r\n                <\/div>\r\n            <\/div>\r\n        <\/div>\r\n\r\n        \t\t<\/div>\n\t\t\t\t<\/div>\n\t\t\t\t\t<\/div>\n\t\t<\/div>\n\t\t\t\t<div class=\"elementor-column elementor-col-50 elementor-top-column elementor-element elementor-element-a520df5\" data-id=\"a520df5\" data-element_type=\"column\">\n\t\t\t<div class=\"elementor-widget-wrap elementor-element-populated\">\n\t\t\t\t\t\t\t\t<div class=\"elementor-element elementor-element-8c40ced elementor-widget elementor-widget-bdevs-member bdevselement bdevs-member\" data-id=\"8c40ced\" data-element_type=\"widget\" data-widget_type=\"bdevs-member.default\">\n\t\t\t\t<div class=\"elementor-widget-container\">\n\t\t\t\r\n        <div class=\"single-expert-box\">\r\n            <div class=\"expert-box-left\">\r\n                <div class=\"thumb\">\r\n                                        <figure>\r\n                        <img loading=\"lazy\" decoding=\"async\" width=\"500\" height=\"500\" src=\"http:\/\/rai-med.com\/wp-content\/uploads\/2023\/06\/Ridvan-Acikalin.png\" class=\"elementor-animation-disable-animation attachment-full size-full wp-image-1039\" alt=\"\" srcset=\"http:\/\/rai-med.com\/wp-content\/uploads\/2023\/06\/Ridvan-Acikalin.png 500w, http:\/\/rai-med.com\/wp-content\/uploads\/2023\/06\/Ridvan-Acikalin-300x300.png 300w, http:\/\/rai-med.com\/wp-content\/uploads\/2023\/06\/Ridvan-Acikalin-150x150.png 150w\" sizes=\"auto, (max-width: 500px) 100vw, 500px\" \/>                    <\/figure>\r\n                                        \r\n                                    <\/div>\r\n                <div class=\"content\">\r\n                    <h5 class=\"name\">Dr. R\u0131dvan A\u00e7\u0131kal\u0131n<\/h5>                                        <span class=\"designation\">\u05de\u05e0\u05d4\u05dc \u05db\u05dc\u05dc\u05d9<\/span>\r\n                                                        <\/div>\r\n            <\/div>\r\n            <div class=\"expert-box-right\">\r\n                <div class=\"content\">\r\n                                            <p class=\"bdevs-member-bio\">\r\n                        \u05d4\u05d5\u05d0 \u05e0\u05d5\u05dc\u05d3 \u05d1-1976 \u05d1\u05d0\u05d9\u05e1\u05e7\u05e0\u05d3\u05e8\u05d5\u05df. \u05d4\u05d5\u05d0 \u05dc\u05de\u05d3 \u05d1\u05d1\u05d9\u05ea \u05e1\u05e4\u05e8 \u05d9\u05e1\u05d5\u05d3\u05d9 \u05d5\u05ea\u05d9\u05db\u05d5\u05e0\u05d9 \u05d1\u05d0\u05d9\u05e1\u05e7\u05e0\u05d3\u05e8\u05d5\u05df. \u05dc\u05d0\u05d7\u05e8 \u05e9\u05e1\u05d9\u05d9\u05dd \u05d0\u05ea \u05dc\u05d9\u05de\u05d5\u05d3\u05d9\u05d5 \u05d1\u05ea\u05d9\u05db\u05d5\u05df \u05d1\u05d0\u05d3\u05e0\u05d4, \u05d4\u05d5\u05d0 \u05e0\u05db\u05e0\u05e1 \u05dc\u05e4\u05e7\u05d5\u05dc\u05d8\u05d4 \u05dc\u05e8\u05e4\u05d5\u05d0\u05d4 \u05e9\u05dc \u05d0\u05d5\u05e0\u05d9\u05d1\u05e8\u05e1\u05d9\u05d8\u05ea \u05e6'\u05d5\u05e7\u05d5\u05e8\u05d5\u05d1\u05d4 \u05d1-1993. \u05d4\u05d5\u05d0 \u05e1\u05d9\u05d9\u05dd \u05d0\u05ea \u05dc\u05d9\u05de\u05d5\u05d3\u05d9\u05d5 \u05d1-2001.                        <\/p>\r\n                                        <div class=\"expert-box-buttons\">\r\n                        <a class=\"site-btn white\" href=\"http:\/\/rai-med.com\/he\/%d7%93%d7%a8-%d7%a8%d7%99%d7%93%d7%91%d7%9f-%d7%90%d7%a1%d7%99%d7%a7%d7%9c%d7%99%d7%9f\/\"><span class=\"bdevs-btn-text\">\u05e2\u05dc \u05d0\u05d5\u05d3\u05d5\u05ea<\/span><\/a>\r\n                                                <div class=\"bdevs-member-links\">\r\n                            <a target=\"_blank\" rel=\"noopener\" data-tooltip=\"hello\" href=\"http:\/\/rai-med.com\/he\/%d7%90%d7%99%d7%a9-%d7%a7%d7%a9%d7%a8\/\" class=\"elementor-repeater-item-cbe11c3 comments-btn\"><i class=\"fal fa-comments\" aria-hidden=\"true\"><\/i><\/a>                        <\/div>\r\n                                        <\/div>\r\n                <\/div>\r\n            <\/div>\r\n        <\/div>\r\n\r\n        \t\t<\/div>\n\t\t\t\t<\/div>\n\t\t\t\t\t<\/div>\n\t\t<\/div>\n\t\t\t\t\t\t\t<\/div>\n\t\t<\/section>\n\t\t\t\t<section class=\"elementor-section elementor-top-section elementor-element elementor-element-0a0527b elementor-section-boxed elementor-section-height-default elementor-section-height-default\" data-id=\"0a0527b\" data-element_type=\"section\">\n\t\t\t\t\t\t<div class=\"elementor-container elementor-column-gap-default\">\n\t\t\t\t\t<div class=\"elementor-column elementor-col-100 elementor-top-column elementor-element elementor-element-e5d6661\" data-id=\"e5d6661\" data-element_type=\"column\">\n\t\t\t<div class=\"elementor-widget-wrap elementor-element-populated\">\n\t\t\t\t\t\t\t\t<div class=\"elementor-element elementor-element-6c263b1 elementor-widget elementor-widget-spacer\" data-id=\"6c263b1\" data-element_type=\"widget\" data-widget_type=\"spacer.default\">\n\t\t\t\t<div class=\"elementor-widget-container\">\n\t\t\t<style>\/*! elementor - v3.13.3 - 28-05-2023 *\/\n.elementor-column .elementor-spacer-inner{height:var(--spacer-size)}.e-con{--container-widget-width:100%}.e-con-inner>.elementor-widget-spacer,.e-con>.elementor-widget-spacer{width:var(--container-widget-width,var(--spacer-size));--align-self:var(--container-widget-align-self,initial);--flex-shrink:0}.e-con-inner>.elementor-widget-spacer>.elementor-widget-container,.e-con-inner>.elementor-widget-spacer>.elementor-widget-container>.elementor-spacer,.e-con>.elementor-widget-spacer>.elementor-widget-container,.e-con>.elementor-widget-spacer>.elementor-widget-container>.elementor-spacer{height:100%}.e-con-inner>.elementor-widget-spacer>.elementor-widget-container>.elementor-spacer>.elementor-spacer-inner,.e-con>.elementor-widget-spacer>.elementor-widget-container>.elementor-spacer>.elementor-spacer-inner{height:var(--container-widget-height,var(--spacer-size))}<\/style>\t\t<div class=\"elementor-spacer\">\n\t\t\t<div class=\"elementor-spacer-inner\"><\/div>\n\t\t<\/div>\n\t\t\t\t<\/div>\n\t\t\t\t<\/div>\n\t\t\t\t\t<\/div>\n\t\t<\/div>\n\t\t\t\t\t\t\t<\/div>\n\t\t<\/section>\n\t\t\t\t\t\t\t<\/div>\n\t\t","protected":false},"excerpt":{"rendered":"<p>\u05de\u05d5\u05de\u05d7\u05d9\u05dd \u05d4\u05e6\u05d5\u05d5\u05ea \u05d4\u05e8\u05e4\u05d5\u05d0\u05d9 \u05d4\u05de\u05e0\u05d5\u05e1\u05d4 \u05e9\u05dc\u05e0\u05d5 \u05d5\u05d8\u05db\u05e0\u05d5\u05dc\u05d5\u05d2\u05d9\u05d5\u05ea \u05d4\u05d1\u05e8\u05d9\u05d0\u05d5\u05ea \u05d4\u05de\u05ea\u05e7\u05d3\u05de\u05d5\u05ea \u05e0\u05e4\u05d2\u05e9\u05d5 \u05e2\u05d1\u05d5\u05e8\u05db\u05dd Prof. Dr Altan Y\u0131ld\u0131z \u05d4\u05e9\u05db\u05dc\u05d4 \u05d5\u05de\u05d5\u05de\u05d7\u05d9\u05d5\u05ea: \u05d4\u05e4\u05e7\u05d5\u05dc\u05d8\u05d4 \u05dc\u05e8\u05e4\u05d5\u05d0\u05d4 \u05e9\u05dc \u05d0\u05d5\u05e0\u05d9\u05d1\u05e8\u05e1\u05d9\u05d8\u05ea \u05d0\u05e0\u05e7\u05e8\u05d4 &#8211; \u05d4\u05e9\u05db\u05dc\u05d4 \u05e8\u05e4\u05d5\u05d0\u05d9\u05ea \u05d4\u05e4\u05e7\u05d5\u05dc\u05d8\u05d4 \u05dc\u05e8\u05e4\u05d5\u05d0\u05d4 \u05d1\u05d0\u05d5\u05e0\u05d9\u05d1\u05e8\u05e1\u05d9\u05d8\u05ea \u00c7ukurova \u2013 \u05d4\u05db\u05e9\u05e8\u05d4 \u05dc\u05d4\u05ea\u05de\u05d7\u05d5\u05ea \u05e2\u05dc \u05d0\u05d5\u05d3\u05d5\u05ea Dr. R\u0131dvan A\u00e7\u0131kal\u0131n \u05de\u05e0\u05d4\u05dc \u05db\u05dc\u05dc\u05d9 \u05d4\u05d5\u05d0 \u05e0\u05d5\u05dc\u05d3 \u05d1-1976 \u05d1\u05d0\u05d9\u05e1\u05e7\u05e0\u05d3\u05e8\u05d5\u05df. \u05d4\u05d5\u05d0 \u05dc\u05de\u05d3 \u05d1\u05d1\u05d9\u05ea \u05e1\u05e4\u05e8 \u05d9\u05e1\u05d5\u05d3\u05d9 \u05d5\u05ea\u05d9\u05db\u05d5\u05e0\u05d9 \u05d1\u05d0\u05d9\u05e1\u05e7\u05e0\u05d3\u05e8\u05d5\u05df. \u05dc\u05d0\u05d7\u05e8 \u05e9\u05e1\u05d9\u05d9\u05dd \u05d0\u05ea \u05dc\u05d9\u05de\u05d5\u05d3\u05d9\u05d5 \u05d1\u05ea\u05d9\u05db\u05d5\u05df \u05d1\u05d0\u05d3\u05e0\u05d4, [&hellip;]<\/p>\n","protected":false},"author":1,"featured_media":0,"parent":0,"menu_order":0,"comment_status":"closed","ping_status":"closed","template":"elementor_header_footer","meta":{"_mi_skip_tracking":false,"_monsterinsights_sitenote_active":false,"_monsterinsights_sitenote_note":"","_monsterinsights_sitenote_category":0,"footnotes":""},"class_list":["post-1582","page","type-page","status-publish","hentry"],"acf":[],"aioseo_notices":[],"_links":{"self":[{"href":"http:\/\/rai-med.com\/he\/wp-json\/wp\/v2\/pages\/1582","targetHints":{"allow":["GET"]}}],"collection":[{"href":"http:\/\/rai-med.com\/he\/wp-json\/wp\/v2\/pages"}],"about":[{"href":"http:\/\/rai-med.com\/he\/wp-json\/wp\/v2\/types\/page"}],"author":[{"embeddable":true,"href":"http:\/\/rai-med.com\/he\/wp-json\/wp\/v2\/users\/1"}],"replies":[{"embeddable":true,"href":"http:\/\/rai-med.com\/he\/wp-json\/wp\/v2\/comments?post=1582"}],"version-history":[{"count":16,"href":"http:\/\/rai-med.com\/he\/wp-json\/wp\/v2\/pages\/1582\/revisions"}],"predecessor-version":[{"id":1734,"href":"http:\/\/rai-med.com\/he\/wp-json\/wp\/v2\/pages\/1582\/revisions\/1734"}],"wp:attachment":[{"href":"http:\/\/rai-med.com\/he\/wp-json\/wp\/v2\/media?parent=1582"}],"curies":[{"name":"wp","href":"https:\/\/api.w.org\/{rel}","templated":true}]}}