{"id":1570,"date":"2020-06-13T17:56:33","date_gmt":"2020-06-13T14:56:33","guid":{"rendered":"http:\/\/rai-med.com\/about-us\/"},"modified":"2023-06-05T12:30:41","modified_gmt":"2023-06-05T09:30:41","slug":"%d7%a2%d7%9c%d7%99%d7%a0%d7%95","status":"publish","type":"page","link":"http:\/\/rai-med.com\/he\/%d7%a2%d7%9c%d7%99%d7%a0%d7%95\/","title":{"rendered":"\u05e2\u05dc\u05d9\u05e0\u05d5"},"content":{"rendered":"\t\t<div data-elementor-type=\"wp-page\" data-elementor-id=\"1570\" class=\"elementor elementor-1570 elementor-382\">\n\t\t\t\t\t\t\t\t\t<section class=\"elementor-section elementor-top-section elementor-element elementor-element-a4ce2f1 elementor-section-full_width elementor-section-height-default elementor-section-height-default\" data-id=\"a4ce2f1\" data-element_type=\"section\">\n\t\t\t\t\t\t<div class=\"elementor-container elementor-column-gap-no\">\n\t\t\t\t\t<div class=\"elementor-column elementor-col-100 elementor-top-column elementor-element elementor-element-1a2c51a\" data-id=\"1a2c51a\" data-element_type=\"column\">\n\t\t\t<div class=\"elementor-widget-wrap elementor-element-populated\">\n\t\t\t\t\t\t\t\t<div class=\"elementor-element elementor-element-a6de343 elementor-widget elementor-widget-bdevs-history bdevselement bdevs-history\" data-id=\"a6de343\" data-element_type=\"widget\" data-settings=\"{&quot;design_style&quot;:&quot;style_2&quot;}\" data-widget_type=\"bdevs-history.default\">\n\t\t\t\t<div class=\"elementor-widget-container\">\n\t\t\t\n\n        \n        <section class=\"about-area about-area-4\">\n            <div class=\"container\">\n                <div class=\"row\">\n                    <div class=\"col-lg-6\">\n                        <div class=\"about-thumb-wrap\">\n                            <div class=\"about-thumb\">\n                                                            <figure>\n                                    <img loading=\"lazy\" decoding=\"async\" width=\"522\" height=\"654\" src=\"http:\/\/rai-med.com\/wp-content\/uploads\/2023\/06\/about.png\" class=\"attachment-full size-full wp-image-1551\" alt=\"\" srcset=\"http:\/\/rai-med.com\/wp-content\/uploads\/2023\/06\/about.png 522w, http:\/\/rai-med.com\/wp-content\/uploads\/2023\/06\/about-239x300.png 239w\" sizes=\"auto, (max-width: 522px) 100vw, 522px\" \/>                                <\/figure>\n                                                        <\/div>\n                                                        <div class=\"about-content\">\n                                <div class=\"icon\">\n                                    <i class=\"fal fa-hospital\"><\/i>\n                                <\/div>\n                                <div class=\"content\">\n                                                                        <h2 class=\"title\"><span class=\"counter\">25<\/span> +<\/h2>\n                                                                                                            <p>\u05e9\u05e0\u05d9\u05dd \u05e9\u05dc \u05e0\u05d9\u05e1\u05d9\u05d5\u05df<\/p>\n                                                                    <\/div>\n                                <div class=\"dots\">\n                                    <span><\/span>\n                                    <span><\/span>\n                                <\/div>\n                            <\/div>\n                                                    <\/div>\n                    <\/div>\n                    <div class=\"col-lg-6\">\n                        <div class=\"about-content mt-40\">\n                            <div class=\"section-heading mb-50\">\n                                                                <h4 class=\"sub-title\">\u05e2\u05dc\u05d9\u05e0\u05d5<\/h4>\n                                                                <h2 class=\"section-title\">\u05e9\u05d9\u05e8\u05d5\u05ea\u05d9 \u05e8\u05e4\u05d5\u05d0\u05d4 \u05de\u05d5\u05de\u05d7\u05d9\u05dd<\/h2>                                                                <p>\u05d4\u05e6\u05d5\u05d5\u05ea \u05d4\u05e8\u05e4\u05d5\u05d0\u05d9 \u05d4\u05de\u05e0\u05d5\u05e1\u05d4 \u05e9\u05dc\u05e0\u05d5 \u05d5\u05d8\u05db\u05e0\u05d5\u05dc\u05d5\u05d2\u05d9\u05d5\u05ea \u05d1\u05e8\u05d9\u05d0\u05d5\u05ea \u05de\u05ea\u05e7\u05d3\u05de\u05d5\u05ea\n\u05e0\u05e4\u05d2\u05e9 \u05d1\u05e9\u05d1\u05d9\u05dc\u05da\n\n\u05e2\u05dc \u05d9\u05d3\u05d9 \u05de\u05e2\u05e7\u05d1 \u05d0\u05d7\u05e8 \u05d4\u05ea\u05e4\u05ea\u05d7\u05d5\u05d9\u05d5\u05ea \u05de\u05d3\u05e2\u05d9\u05d5\u05ea \u05d5\u05d8\u05db\u05e0\u05d5\u05dc\u05d5\u05d2\u05d9\u05d5\u05ea, \u05d0\u05e0\u05d5 \u05de\u05e1\u05e4\u05e7\u05d9\u05dd \u05e9\u05d9\u05e8\u05d5\u05ea\u05d9 \u05d1\u05e8\u05d9\u05d0\u05d5\u05ea \"\u05d0\u05de\u05d9\u05e0\u05d9\u05dd\" \u05d5\"\u05e1\u05d8\u05e0\u05d3\u05e8\u05d8\u05d9\u05dd \u05d1\u05d9\u05e0\u05dc\u05d0\u05d5\u05de\u05d9\u05d9\u05dd\" \u05e9\u05e2\u05d5\u05e9\u05d9\u05dd \u05d0\u05ea \u05d4\u05d4\u05d1\u05d3\u05dc \u05e2\u05dd \u05e9\u05d9\u05d8\u05d5\u05ea \"\u05d7\u05dc\u05d5\u05e6\u05d9\u05d5\u05ea\" \u05d1\u05de\u05d2\u05d6\u05e8.<\/p>\n                                                            <\/div>\n                            <div class=\"about-list mt-none-20\">\n                                                                    <div class=\"single-item d-flex align-items-center mt-20\">\n                                                                        <div class=\"icon\">\n                                        <i aria-hidden=\"true\" class=\"fas fa-check\"><\/i>                                    <\/div>\n                                                                 \n                                                                            <span>\u05d4\u05dc\u05d9\u05db\u05d9 \u05d4\u05ea\u05e2\u05e8\u05d1\u05d5\u05ea \u05e0\u05d5\u05d9\u05e8\u05d5\u05d5\u05e1\u05e7\u05d5\u05dc\u05e8\u05d9\u05d9\u05dd<\/span>\n                                                                        <\/div>\n                                                                    <div class=\"single-item d-flex align-items-center mt-20\">\n                                                                        <div class=\"icon\">\n                                        <i aria-hidden=\"true\" class=\"fas fa-check\"><\/i>                                    <\/div>\n                                                                 \n                                                                            <span>\u05e0\u05d9\u05ea\u05d5\u05d7 \u05db\u05dc\u05d9 \u05d3\u05dd<\/span>\n                                                                        <\/div>\n                                                                    <div class=\"single-item d-flex align-items-center mt-20\">\n                                                                        <div class=\"icon\">\n                                        <i aria-hidden=\"true\" class=\"fas fa-check\"><\/i>                                    <\/div>\n                                                                 \n                                                                            <span>\u05e0\u05d9\u05ea\u05d5\u05d7 \u05d2\u05d9\u05d3\u05d5\u05dc\u05d9\u05dd<\/span>\n                                                                        <\/div>\n                                                                    <div class=\"single-item d-flex align-items-center mt-20\">\n                                                                        <div class=\"icon\">\n                                        <i aria-hidden=\"true\" class=\"fas fa-check\"><\/i>                                    <\/div>\n                                                                 \n                                                                            <span>\u05e0\u05d9\u05ea\u05d5\u05d7 \u05e2\u05de\u05d5\u05d3 \u05e9\u05d3\u05e8\u05d4<\/span>\n                                                                        <\/div>\n                                                            <\/div>\n                            <div class=\"about-btns\">\n                                <!-- button one  -->\n                                \n                                <!-- button two  -->\n                                                            <\/div>\n                        <\/div>\n                    <\/div>\n                <\/div>\n            <\/div>\n        <\/section>\n\n        \n\n        \t\t<\/div>\n\t\t\t\t<\/div>\n\t\t\t\t\t<\/div>\n\t\t<\/div>\n\t\t\t\t\t\t\t<\/div>\n\t\t<\/section>\n\t\t\t\t<section class=\"elementor-section elementor-top-section elementor-element elementor-element-8275ab8 elementor-section-boxed elementor-section-height-default elementor-section-height-default\" data-id=\"8275ab8\" data-element_type=\"section\" data-settings=\"{&quot;background_background&quot;:&quot;classic&quot;}\">\n\t\t\t\t\t\t<div class=\"elementor-container elementor-column-gap-no\">\n\t\t\t\t\t<div class=\"elementor-column elementor-col-100 elementor-top-column elementor-element elementor-element-afb5e10\" data-id=\"afb5e10\" data-element_type=\"column\">\n\t\t\t<div class=\"elementor-widget-wrap elementor-element-populated\">\n\t\t\t\t\t\t\t\t<div class=\"elementor-element elementor-element-8e39f94 elementor-widget elementor-widget-bdevs-heading bdevselement bdevs-heading\" data-id=\"8e39f94\" data-element_type=\"widget\" data-settings=\"{&quot;design_style&quot;:&quot;style_1&quot;}\" data-widget_type=\"bdevs-heading.default\">\n\t\t\t\t<div class=\"elementor-widget-container\">\n\t\t\t\r\n                <div class=\"section-heading\">\r\n                        \r\n\r\n            <h2 class=\"section-title shape\">\u05de\u05d5\u05de\u05d7\u05d9\u05dd<\/h2>            \r\n                            <p>\u05d4\u05e6\u05d5\u05d5\u05ea \u05d4\u05e8\u05e4\u05d5\u05d0\u05d9 \u05d4\u05de\u05e0\u05d5\u05e1\u05d4 \u05e9\u05dc\u05e0\u05d5 \u05d5\u05d8\u05db\u05e0\u05d5\u05dc\u05d5\u05d2\u05d9\u05d5\u05ea \u05d4\u05d1\u05e8\u05d9\u05d0\u05d5\u05ea \u05d4\u05de\u05ea\u05e7\u05d3\u05de\u05d5\u05ea \u05e0\u05e4\u05d2\u05e9\u05d5 \u05e2\u05d1\u05d5\u05e8\u05db\u05dd<\/p>\r\n                    <\/div>\r\n        \r\n        \t\t<\/div>\n\t\t\t\t<\/div>\n\t\t\t\t\t<\/div>\n\t\t<\/div>\n\t\t\t\t\t\t\t<\/div>\n\t\t<\/section>\n\t\t\t\t<section class=\"elementor-section elementor-top-section elementor-element elementor-element-206ef62 elementor-section-boxed elementor-section-height-default elementor-section-height-default\" data-id=\"206ef62\" data-element_type=\"section\" data-settings=\"{&quot;background_background&quot;:&quot;classic&quot;}\">\n\t\t\t\t\t\t<div class=\"elementor-container elementor-column-gap-no\">\n\t\t\t\t\t<div class=\"elementor-column elementor-col-50 elementor-top-column elementor-element elementor-element-0105273\" data-id=\"0105273\" data-element_type=\"column\">\n\t\t\t<div class=\"elementor-widget-wrap elementor-element-populated\">\n\t\t\t\t\t\t\t\t<div class=\"elementor-element elementor-element-3f935e3 elementor-widget elementor-widget-bdevs-member bdevselement bdevs-member\" data-id=\"3f935e3\" data-element_type=\"widget\" data-widget_type=\"bdevs-member.default\">\n\t\t\t\t<div class=\"elementor-widget-container\">\n\t\t\t\r\n        <div class=\"single-expert-box\">\r\n            <div class=\"expert-box-left\">\r\n                <div class=\"thumb\">\r\n                                        <figure>\r\n                        <img loading=\"lazy\" decoding=\"async\" width=\"500\" height=\"500\" src=\"http:\/\/rai-med.com\/wp-content\/uploads\/2023\/06\/Altan-Yildiz.png\" class=\"elementor-animation-disable-animation attachment-full size-full wp-image-1017\" alt=\"\" srcset=\"http:\/\/rai-med.com\/wp-content\/uploads\/2023\/06\/Altan-Yildiz.png 500w, http:\/\/rai-med.com\/wp-content\/uploads\/2023\/06\/Altan-Yildiz-300x300.png 300w, http:\/\/rai-med.com\/wp-content\/uploads\/2023\/06\/Altan-Yildiz-150x150.png 150w\" sizes=\"auto, (max-width: 500px) 100vw, 500px\" \/>                    <\/figure>\r\n                                        \r\n                                    <\/div>\r\n                <div class=\"content\">\r\n                    <h5 class=\"name\">Prof. Dr Altan Y\u0131ld\u0131z<\/h5>                                        <span class=\"designation\"><br><\/span>\r\n                                                        <\/div>\r\n            <\/div>\r\n            <div class=\"expert-box-right\">\r\n                <div class=\"content\">\r\n                                            <p class=\"bdevs-member-bio\">\r\n                        \u05d4\u05e9\u05db\u05dc\u05d4 \u05d5\u05de\u05d5\u05de\u05d7\u05d9\u05d5\u05ea:<br>\n\n\u05d4\u05e4\u05e7\u05d5\u05dc\u05d8\u05d4 \u05dc\u05e8\u05e4\u05d5\u05d0\u05d4 \u05e9\u05dc \u05d0\u05d5\u05e0\u05d9\u05d1\u05e8\u05e1\u05d9\u05d8\u05ea \u05d0\u05e0\u05e7\u05e8\u05d4 - \u05d4\u05e9\u05db\u05dc\u05d4 \u05e8\u05e4\u05d5\u05d0\u05d9\u05ea\n<br>\n\u05d4\u05e4\u05e7\u05d5\u05dc\u05d8\u05d4 \u05dc\u05e8\u05e4\u05d5\u05d0\u05d4 \u05d1\u05d0\u05d5\u05e0\u05d9\u05d1\u05e8\u05e1\u05d9\u05d8\u05ea \u00c7ukurova \u2013 \u05d4\u05db\u05e9\u05e8\u05d4 \u05dc\u05d4\u05ea\u05de\u05d7\u05d5\u05ea                        <\/p>\r\n                                        <div class=\"expert-box-buttons\">\r\n                        <a class=\"site-btn white\" href=\"http:\/\/rai-med.com\/he\/%d7%a4%d7%a8%d7%95%d7%a4-%d7%93%d7%a8-%d7%90%d7%9c%d7%98%d7%9f-%d7%99%d7%9c%d7%93%d7%99%d7%96\/\"><span class=\"bdevs-btn-text\">\u05e2\u05dc \u05d0\u05d5\u05d3\u05d5\u05ea<\/span><\/a>\r\n                                                <div class=\"bdevs-member-links\">\r\n                            <a target=\"_blank\" rel=\"noopener\" data-tooltip=\"hello\" href=\"http:\/\/rai-med.com\/he\/%d7%90%d7%99%d7%a9-%d7%a7%d7%a9%d7%a8\/\" class=\"elementor-repeater-item-cbe11c3 comments-btn\"><i class=\"fal fa-comments\" aria-hidden=\"true\"><\/i><\/a>                        <\/div>\r\n                                        <\/div>\r\n                <\/div>\r\n            <\/div>\r\n        <\/div>\r\n\r\n        \t\t<\/div>\n\t\t\t\t<\/div>\n\t\t\t\t\t<\/div>\n\t\t<\/div>\n\t\t\t\t<div class=\"elementor-column elementor-col-50 elementor-top-column elementor-element elementor-element-87a3317\" data-id=\"87a3317\" data-element_type=\"column\">\n\t\t\t<div class=\"elementor-widget-wrap elementor-element-populated\">\n\t\t\t\t\t\t\t\t<div class=\"elementor-element elementor-element-8e79406 elementor-widget elementor-widget-bdevs-member bdevselement bdevs-member\" data-id=\"8e79406\" data-element_type=\"widget\" data-widget_type=\"bdevs-member.default\">\n\t\t\t\t<div class=\"elementor-widget-container\">\n\t\t\t\r\n        <div class=\"single-expert-box\">\r\n            <div class=\"expert-box-left\">\r\n                <div class=\"thumb\">\r\n                                        <figure>\r\n                        <img loading=\"lazy\" decoding=\"async\" width=\"500\" height=\"500\" src=\"http:\/\/rai-med.com\/wp-content\/uploads\/2023\/06\/Ridvan-Acikalin.png\" class=\"elementor-animation-disable-animation attachment-full size-full wp-image-1039\" alt=\"\" srcset=\"http:\/\/rai-med.com\/wp-content\/uploads\/2023\/06\/Ridvan-Acikalin.png 500w, http:\/\/rai-med.com\/wp-content\/uploads\/2023\/06\/Ridvan-Acikalin-300x300.png 300w, http:\/\/rai-med.com\/wp-content\/uploads\/2023\/06\/Ridvan-Acikalin-150x150.png 150w\" sizes=\"auto, (max-width: 500px) 100vw, 500px\" \/>                    <\/figure>\r\n                                        \r\n                                    <\/div>\r\n                <div class=\"content\">\r\n                    <h5 class=\"name\">Dr. R\u0131dvan A\u00e7\u0131kal\u0131n<\/h5>                                        <span class=\"designation\">\u05de\u05e0\u05d4\u05dc \u05db\u05dc\u05dc\u05d9<\/span>\r\n                                                        <\/div>\r\n            <\/div>\r\n            <div class=\"expert-box-right\">\r\n                <div class=\"content\">\r\n                                            <p class=\"bdevs-member-bio\">\r\n                        \u05d4\u05d5\u05d0 \u05e0\u05d5\u05dc\u05d3 \u05d1-1976 \u05d1\u05d0\u05d9\u05e1\u05e7\u05e0\u05d3\u05e8\u05d5\u05df. \u05d4\u05d5\u05d0 \u05dc\u05de\u05d3 \u05d1\u05d1\u05d9\u05ea \u05e1\u05e4\u05e8 \u05d9\u05e1\u05d5\u05d3\u05d9 \u05d5\u05ea\u05d9\u05db\u05d5\u05e0\u05d9 \u05d1\u05d0\u05d9\u05e1\u05e7\u05e0\u05d3\u05e8\u05d5\u05df. \u05dc\u05d0\u05d7\u05e8 \u05e9\u05e1\u05d9\u05d9\u05dd \u05d0\u05ea \u05dc\u05d9\u05de\u05d5\u05d3\u05d9\u05d5 \u05d1\u05ea\u05d9\u05db\u05d5\u05df \u05d1\u05d0\u05d3\u05e0\u05d4, \u05d4\u05d5\u05d0 \u05e0\u05db\u05e0\u05e1 \u05dc\u05e4\u05e7\u05d5\u05dc\u05d8\u05d4 \u05dc\u05e8\u05e4\u05d5\u05d0\u05d4 \u05e9\u05dc \u05d0\u05d5\u05e0\u05d9\u05d1\u05e8\u05e1\u05d9\u05d8\u05ea \u05e6'\u05d5\u05e7\u05d5\u05e8\u05d5\u05d1\u05d4 \u05d1-1993. \u05d4\u05d5\u05d0 \u05e1\u05d9\u05d9\u05dd \u05d0\u05ea \u05dc\u05d9\u05de\u05d5\u05d3\u05d9\u05d5 \u05d1-2001.                        <\/p>\r\n                                        <div class=\"expert-box-buttons\">\r\n                        <a class=\"site-btn white\" href=\"http:\/\/rai-med.com\/he\/%d7%93%d7%a8-%d7%a8%d7%99%d7%93%d7%91%d7%9f-%d7%90%d7%a1%d7%99%d7%a7%d7%9c%d7%99%d7%9f\/\"><span class=\"bdevs-btn-text\">\u05e2\u05dc \u05d0\u05d5\u05d3\u05d5\u05ea<\/span><\/a>\r\n                                                <div class=\"bdevs-member-links\">\r\n                            <a target=\"_blank\" rel=\"noopener\" data-tooltip=\"hello\" href=\"http:\/\/rai-med.com\/he\/%d7%90%d7%99%d7%a9-%d7%a7%d7%a9%d7%a8\/\" class=\"elementor-repeater-item-cbe11c3 comments-btn\"><i class=\"fal fa-comments\" aria-hidden=\"true\"><\/i><\/a>                        <\/div>\r\n                                        <\/div>\r\n                <\/div>\r\n            <\/div>\r\n        <\/div>\r\n\r\n        \t\t<\/div>\n\t\t\t\t<\/div>\n\t\t\t\t\t<\/div>\n\t\t<\/div>\n\t\t\t\t\t\t\t<\/div>\n\t\t<\/section>\n\t\t\t\t<section class=\"elementor-section elementor-top-section elementor-element elementor-element-fc8221b elementor-section-boxed elementor-section-height-default elementor-section-height-default\" data-id=\"fc8221b\" data-element_type=\"section\">\n\t\t\t\t\t\t<div class=\"elementor-container elementor-column-gap-default\">\n\t\t\t\t\t<div class=\"elementor-column elementor-col-100 elementor-top-column elementor-element elementor-element-f86dfbb\" data-id=\"f86dfbb\" data-element_type=\"column\">\n\t\t\t<div class=\"elementor-widget-wrap elementor-element-populated\">\n\t\t\t\t\t\t\t\t<div class=\"elementor-element elementor-element-0c0a793 elementor-widget elementor-widget-spacer\" data-id=\"0c0a793\" data-element_type=\"widget\" data-widget_type=\"spacer.default\">\n\t\t\t\t<div class=\"elementor-widget-container\">\n\t\t\t<style>\/*! elementor - v3.13.3 - 28-05-2023 *\/\n.elementor-column .elementor-spacer-inner{height:var(--spacer-size)}.e-con{--container-widget-width:100%}.e-con-inner>.elementor-widget-spacer,.e-con>.elementor-widget-spacer{width:var(--container-widget-width,var(--spacer-size));--align-self:var(--container-widget-align-self,initial);--flex-shrink:0}.e-con-inner>.elementor-widget-spacer>.elementor-widget-container,.e-con-inner>.elementor-widget-spacer>.elementor-widget-container>.elementor-spacer,.e-con>.elementor-widget-spacer>.elementor-widget-container,.e-con>.elementor-widget-spacer>.elementor-widget-container>.elementor-spacer{height:100%}.e-con-inner>.elementor-widget-spacer>.elementor-widget-container>.elementor-spacer>.elementor-spacer-inner,.e-con>.elementor-widget-spacer>.elementor-widget-container>.elementor-spacer>.elementor-spacer-inner{height:var(--container-widget-height,var(--spacer-size))}<\/style>\t\t<div class=\"elementor-spacer\">\n\t\t\t<div class=\"elementor-spacer-inner\"><\/div>\n\t\t<\/div>\n\t\t\t\t<\/div>\n\t\t\t\t<\/div>\n\t\t\t\t\t<\/div>\n\t\t<\/div>\n\t\t\t\t\t\t\t<\/div>\n\t\t<\/section>\n\t\t\t\t\t\t\t<\/div>\n\t\t","protected":false},"excerpt":{"rendered":"<p>25 + \u05e9\u05e0\u05d9\u05dd \u05e9\u05dc \u05e0\u05d9\u05e1\u05d9\u05d5\u05df \u05e2\u05dc\u05d9\u05e0\u05d5 \u05e9\u05d9\u05e8\u05d5\u05ea\u05d9 \u05e8\u05e4\u05d5\u05d0\u05d4 \u05de\u05d5\u05de\u05d7\u05d9\u05dd \u05d4\u05e6\u05d5\u05d5\u05ea \u05d4\u05e8\u05e4\u05d5\u05d0\u05d9 \u05d4\u05de\u05e0\u05d5\u05e1\u05d4 \u05e9\u05dc\u05e0\u05d5 \u05d5\u05d8\u05db\u05e0\u05d5\u05dc\u05d5\u05d2\u05d9\u05d5\u05ea \u05d1\u05e8\u05d9\u05d0\u05d5\u05ea \u05de\u05ea\u05e7\u05d3\u05de\u05d5\u05ea \u05e0\u05e4\u05d2\u05e9 \u05d1\u05e9\u05d1\u05d9\u05dc\u05da \u05e2\u05dc \u05d9\u05d3\u05d9 \u05de\u05e2\u05e7\u05d1 \u05d0\u05d7\u05e8 \u05d4\u05ea\u05e4\u05ea\u05d7\u05d5\u05d9\u05d5\u05ea \u05de\u05d3\u05e2\u05d9\u05d5\u05ea \u05d5\u05d8\u05db\u05e0\u05d5\u05dc\u05d5\u05d2\u05d9\u05d5\u05ea, \u05d0\u05e0\u05d5 \u05de\u05e1\u05e4\u05e7\u05d9\u05dd \u05e9\u05d9\u05e8\u05d5\u05ea\u05d9 \u05d1\u05e8\u05d9\u05d0\u05d5\u05ea &quot;\u05d0\u05de\u05d9\u05e0\u05d9\u05dd&quot; \u05d5&quot;\u05e1\u05d8\u05e0\u05d3\u05e8\u05d8\u05d9\u05dd \u05d1\u05d9\u05e0\u05dc\u05d0\u05d5\u05de\u05d9\u05d9\u05dd&quot; \u05e9\u05e2\u05d5\u05e9\u05d9\u05dd \u05d0\u05ea \u05d4\u05d4\u05d1\u05d3\u05dc \u05e2\u05dd \u05e9\u05d9\u05d8\u05d5\u05ea &quot;\u05d7\u05dc\u05d5\u05e6\u05d9\u05d5\u05ea&quot; \u05d1\u05de\u05d2\u05d6\u05e8. \u05d4\u05dc\u05d9\u05db\u05d9 \u05d4\u05ea\u05e2\u05e8\u05d1\u05d5\u05ea \u05e0\u05d5\u05d9\u05e8\u05d5\u05d5\u05e1\u05e7\u05d5\u05dc\u05e8\u05d9\u05d9\u05dd \u05e0\u05d9\u05ea\u05d5\u05d7 \u05db\u05dc\u05d9 \u05d3\u05dd \u05e0\u05d9\u05ea\u05d5\u05d7 \u05d2\u05d9\u05d3\u05d5\u05dc\u05d9\u05dd \u05e0\u05d9\u05ea\u05d5\u05d7 \u05e2\u05de\u05d5\u05d3 \u05e9\u05d3\u05e8\u05d4 \u05de\u05d5\u05de\u05d7\u05d9\u05dd \u05d4\u05e6\u05d5\u05d5\u05ea \u05d4\u05e8\u05e4\u05d5\u05d0\u05d9 \u05d4\u05de\u05e0\u05d5\u05e1\u05d4 \u05e9\u05dc\u05e0\u05d5 [&hellip;]<\/p>\n","protected":false},"author":1,"featured_media":0,"parent":0,"menu_order":0,"comment_status":"closed","ping_status":"closed","template":"elementor_header_footer","meta":{"_mi_skip_tracking":false,"_monsterinsights_sitenote_active":false,"_monsterinsights_sitenote_note":"","_monsterinsights_sitenote_category":0,"footnotes":""},"class_list":["post-1570","page","type-page","status-publish","hentry"],"acf":[],"aioseo_notices":[],"_links":{"self":[{"href":"http:\/\/rai-med.com\/he\/wp-json\/wp\/v2\/pages\/1570","targetHints":{"allow":["GET"]}}],"collection":[{"href":"http:\/\/rai-med.com\/he\/wp-json\/wp\/v2\/pages"}],"about":[{"href":"http:\/\/rai-med.com\/he\/wp-json\/wp\/v2\/types\/page"}],"author":[{"embeddable":true,"href":"http:\/\/rai-med.com\/he\/wp-json\/wp\/v2\/users\/1"}],"replies":[{"embeddable":true,"href":"http:\/\/rai-med.com\/he\/wp-json\/wp\/v2\/comments?post=1570"}],"version-history":[{"count":19,"href":"http:\/\/rai-med.com\/he\/wp-json\/wp\/v2\/pages\/1570\/revisions"}],"predecessor-version":[{"id":1737,"href":"http:\/\/rai-med.com\/he\/wp-json\/wp\/v2\/pages\/1570\/revisions\/1737"}],"wp:attachment":[{"href":"http:\/\/rai-med.com\/he\/wp-json\/wp\/v2\/media?parent=1570"}],"curies":[{"name":"wp","href":"https:\/\/api.w.org\/{rel}","templated":true}]}}